{"id":966,"date":"2025-06-26T03:57:44","date_gmt":"2025-06-26T03:57:44","guid":{"rendered":"https:\/\/optimalsinergia.com\/?post_type=product&#038;p=966"},"modified":"2025-06-27T17:27:02","modified_gmt":"2025-06-27T17:27:02","slug":"zapatillas-ragnar-t-moro","status":"publish","type":"product","link":"https:\/\/optimalsinergia.com\/en\/product\/zapatillas-ragnar-t-moro\/","title":{"rendered":"Running Shoes Ragnar T Moro"},"content":{"rendered":"<ul>\n<li style=\"font-weight: 400;\" aria-level=\"1\"><b>Estilo Urbano y Moderno en Tendencia Global:<\/b><span style=\"font-weight: 400;\"> Las zapatillas &#8220;RAGNAR&#8221; se alinean con las tendencias de moda urbana global, asegurando alta demanda en diversos mercados y un atractivo constante para el consumidor contempor\u00e1neo. <\/span><\/li>\n<li style=\"font-weight: 400;\" aria-level=\"1\"><b>Confort para el D\u00eda a D\u00eda y Fidelizaci\u00f3n del Cliente:<\/b><span style=\"font-weight: 400;\"> Dise\u00f1adas para un uso prolongado, lo que contribuye a la satisfacci\u00f3n del cliente final y fomenta la lealtad a la marca, un valor fundamental para Optimal Sinergia.<\/span><\/li>\n<li style=\"font-weight: 400;\" aria-level=\"1\"><b>Versatilidad de Vestuario y Amplio Atractivo:<\/b><span style=\"font-weight: 400;\"> F\u00e1ciles de combinar con ropa casual, lo que ampl\u00eda su atractivo para diversos estilos de vida y segmentos de consumidores, maximizando su potencial de venta.<\/span><\/li>\n<\/ul>","protected":false},"excerpt":{"rendered":"<p><span style=\"font-weight: 400;\">The Slippers Male RAGNAR T Moro, part of the selection of Optimal Synergy, offering a perfect combination of modern style and comfort. Ideal for an urban look and relaxed, they are a testimony of the ability of Factum Shoes to produce footwear contemporary high-quality, essential for wholesalers looking to capture the segment of casual fashion.<\/span><\/p>","protected":false},"featured_media":1101,"template":"","meta":[],"product_brand":[32],"product_cat":[43],"product_tag":[],"class_list":{"0":"post-966","1":"product","2":"type-product","3":"status-publish","4":"has-post-thumbnail","6":"product_brand-factum","7":"product_cat-calzado-masculino","8":"pa_linea-coleccion-urbana","10":"first","11":"instock","12":"shipping-taxable","13":"product-type-simple"},"_links":{"self":[{"href":"https:\/\/optimalsinergia.com\/en\/wp-json\/wp\/v2\/product\/966","targetHints":{"allow":["GET"]}}],"collection":[{"href":"https:\/\/optimalsinergia.com\/en\/wp-json\/wp\/v2\/product"}],"about":[{"href":"https:\/\/optimalsinergia.com\/en\/wp-json\/wp\/v2\/types\/product"}],"wp:featuredmedia":[{"embeddable":true,"href":"https:\/\/optimalsinergia.com\/en\/wp-json\/wp\/v2\/media\/1101"}],"wp:attachment":[{"href":"https:\/\/optimalsinergia.com\/en\/wp-json\/wp\/v2\/media?parent=966"}],"wp:term":[{"taxonomy":"product_brand","embeddable":true,"href":"https:\/\/optimalsinergia.com\/en\/wp-json\/wp\/v2\/product_brand?post=966"},{"taxonomy":"product_cat","embeddable":true,"href":"https:\/\/optimalsinergia.com\/en\/wp-json\/wp\/v2\/product_cat?post=966"},{"taxonomy":"product_tag","embeddable":true,"href":"https:\/\/optimalsinergia.com\/en\/wp-json\/wp\/v2\/product_tag?post=966"}],"curies":[{"name":"wp","href":"https:\/\/api.w.org\/{rel}","templated":true}]}}