{"id":970,"date":"2025-06-26T04:07:20","date_gmt":"2025-06-26T04:07:20","guid":{"rendered":"https:\/\/optimalsinergia.com\/?post_type=product&#038;p=970"},"modified":"2025-06-27T18:12:53","modified_gmt":"2025-06-27T18:12:53","slug":"bota-wave-lima","status":"publish","type":"product","link":"https:\/\/optimalsinergia.com\/en\/product\/bota-wave-lima\/","title":{"rendered":"Boot Wave Lima"},"content":{"rendered":"<ul>\n<li style=\"font-weight: 400;\" aria-level=\"1\"><b>Dise\u00f1o de Vanguardia y Diferenciaci\u00f3n en el Mercado:<\/b><span style=\"font-weight: 400;\"> La est\u00e9tica &#8220;Wave&#8221; y la audaz combinaci\u00f3n de colores atraen a mercados orientados a la moda y a consumidores que buscan diferenciarse. Un producto que destaca visualmente es ideal para nuestros aliados mayoristas que buscan ofrecer art\u00edculos \u00fanicos y con una propuesta de valor distinta. <\/span><span style=\"font-weight: 400;\">6<\/span><\/li>\n<li style=\"font-weight: 400;\" aria-level=\"1\"><b>Alineaci\u00f3n con Tendencias Sostenibles y Valores de Marca:<\/b><span style=\"font-weight: 400;\"> La marca Voices Culture tiene un enfoque en &#8220;Eco Shoes,&#8221; un valor creciente en el consumo global. La sostenibilidad es un valor a\u00f1adido que atrae a un segmento de consumidores consciente, un pilar de la visi\u00f3n de Optimal Sinergia. <\/span><span style=\"font-weight: 400;\">6<\/span><\/li>\n<li style=\"font-weight: 400;\" aria-level=\"1\"><b>Potencial de Margen Alto y Posicionamiento Premium:<\/b><span style=\"font-weight: 400;\"> Un producto de dise\u00f1o exclusivo y con un valor de marca a\u00f1adido (sostenibilidad) puede justificar un precio premium y, por ende, mayores beneficios para nuestros aliados mayoristas.<\/span><\/li>\n<li style=\"font-weight: 400;\" aria-level=\"1\"><span style=\"font-weight: 400;\"><strong>Atractivo para Mercado Doblemente Motivado:<\/strong> Para nuestros aliados mayoristas, este producto representa una oportunidad para capturar la demanda de un mercado doblemente motivado: por la moda de vanguardia y por la responsabilidad ambiental.<\/span><\/li>\n<\/ul>","protected":false},"excerpt":{"rendered":"<p><span style=\"font-weight: 400;\">La Bota Wave Lima , parte de la selecci\u00f3n de Optimal Sinergia, es una expresi\u00f3n de moda vanguardista. Su dise\u00f1o moderno y distintivo la convierte en un punto focal, ideal para el mercado internacional que busca calzado que combine estilo, personalidad y el compromiso de Voices Culture con la sostenibilidad.<\/span><\/p>","protected":false},"featured_media":1481,"template":"","meta":[],"product_brand":[37],"product_cat":[44,43],"product_tag":[],"class_list":{"0":"post-970","1":"product","2":"type-product","3":"status-publish","4":"has-post-thumbnail","6":"product_brand-voice","7":"product_cat-calzado-femenino","8":"product_cat-calzado-masculino","9":"pa_linea-coleccion-botas-estilo","10":"pa_linea-coleccion-esencial","12":"first","13":"instock","14":"shipping-taxable","15":"product-type-simple"},"_links":{"self":[{"href":"https:\/\/optimalsinergia.com\/en\/wp-json\/wp\/v2\/product\/970","targetHints":{"allow":["GET"]}}],"collection":[{"href":"https:\/\/optimalsinergia.com\/en\/wp-json\/wp\/v2\/product"}],"about":[{"href":"https:\/\/optimalsinergia.com\/en\/wp-json\/wp\/v2\/types\/product"}],"wp:featuredmedia":[{"embeddable":true,"href":"https:\/\/optimalsinergia.com\/en\/wp-json\/wp\/v2\/media\/1481"}],"wp:attachment":[{"href":"https:\/\/optimalsinergia.com\/en\/wp-json\/wp\/v2\/media?parent=970"}],"wp:term":[{"taxonomy":"product_brand","embeddable":true,"href":"https:\/\/optimalsinergia.com\/en\/wp-json\/wp\/v2\/product_brand?post=970"},{"taxonomy":"product_cat","embeddable":true,"href":"https:\/\/optimalsinergia.com\/en\/wp-json\/wp\/v2\/product_cat?post=970"},{"taxonomy":"product_tag","embeddable":true,"href":"https:\/\/optimalsinergia.com\/en\/wp-json\/wp\/v2\/product_tag?post=970"}],"curies":[{"name":"wp","href":"https:\/\/api.w.org\/{rel}","templated":true}]}}